{"id":999,"date":"2018-12-10T12:39:54","date_gmt":"2018-12-10T12:39:54","guid":{"rendered":"https:\/\/www.centrocongressosalgarve.com\/?page_id=999"},"modified":"2025-04-08T17:06:03","modified_gmt":"2025-04-08T17:06:03","slug":"homepage","status":"publish","type":"page","link":"https:\/\/mail.centrocongressosalgarve.com\/pt-pt\/","title":{"rendered":"Centro de Congressos do Algarve"},"content":{"rendered":"\n<h1 class=\"wp-block-heading\">Centro de Congressos do Algarve<\/h1>\n\n\n\n<p>As modernas instala\u00e7\u00f5es, com configura\u00e7\u00f5es ajust\u00e1veis e tecnologia de ponta, permitem receber grupos de diversas dimens\u00f5es e beneficiar da complementaridade de servi\u00e7os oferecidos pelo Tivoli Marina Vilamoura, como restaurantes, piscinas, Spa, gin\u00e1sio, concess\u00e3o de praia de Vilamoura, Purobeach Vilamoura, entre outros.<\/p>\n\n\n\n<p>As condi\u00e7\u00f5es privilegiadas para confer\u00eancias, reuni\u00f5es e eventos, \u00e9 poss\u00edvel adicionar a dose certa de aventura e relaxamento com as diversas solu\u00e7\u00f5es e oportunidades que a regi\u00e3o tem para oferecer.<\/p>\n\n\n\n<div style=\"height:40px\" aria-hidden=\"true\" class=\"wp-block-spacer\"><\/div>\n\n\n\n<figure class=\"wp-block-embed is-type-video is-provider-youtube wp-block-embed-youtube wp-embed-aspect-16-9 wp-has-aspect-ratio\"><div class=\"wp-block-embed__wrapper\">\n<div class=\"youtube embed-container not-loaded is-type-video youtube\"><div class=\"video-placeholder\" style=\"background-image: url(https:\/\/img.youtube.com\/vi\/jwG53cO6r1Y\/maxresdefault.jpg);\"><\/div><div class=\"iframe youtube-video\" title=\"Centro de Congressos do Algarve | Video Oficial | Legendado em PT\" data-iframe-src=\"jwG53cO6r1Y\" data-iframe-origin=\"https:\/\/mail.centrocongressosalgarve.com\/pt-pt\/\" data-iframe-start=\"0\"><noscript><iframe loading=\"lazy\" class=\"youtube-video\" title=\"Youtube video\" width=\"640\" height=\"360\" src=\"https:\/\/www.youtube.com\/embed\/jwG53cO6r1Y?modestbranding=1&#038;showinfo=0&#038;rel=0&#038;enablejsapi=1&#038;origin=https:\/\/mail.centrocongressosalgarve.com\/pt-pt\/\" webkitallowfullscreen mozallowfullscreen allowfullscreen> <\/iframe><\/noscript><\/div><\/div>\n<\/div><\/figure>\n\n\n\n<div style=\"height:30px\" aria-hidden=\"true\" class=\"wp-block-spacer\"><\/div>\n\n\n\n<div class=\"wp-block-buttons is-layout-flex wp-block-buttons-is-layout-flex\">\n<div class=\"wp-block-button is-style-outline is-style-outline--1\"><a class=\"wp-block-button__link has-dark-blue-color has-text-color wp-element-button\" href=\"https:\/\/centrocongressosalgarve.com\/pt-pt\/o-centro\/\">Conhecer o Centro de Congressos<\/a><\/div>\n<\/div>\n","protected":false},"excerpt":{"rendered":"<p>Centro de Congressos do Algarve As modernas instala\u00e7\u00f5es, com configura\u00e7\u00f5es ajust\u00e1veis e tecnologia de ponta, permitem receber grupos de diversas dimens\u00f5es e beneficiar da complementaridade de servi\u00e7os oferecidos pelo Tivoli Marina Vilamoura, como restaurantes, piscinas, Spa, gin\u00e1sio, concess\u00e3o de praia de Vilamoura, Purobeach Vilamoura, entre outros. As condi\u00e7\u00f5es privilegiadas para confer\u00eancias, reuni\u00f5es e eventos, \u00e9 [&hellip;]<\/p>\n","protected":false},"author":2,"featured_media":0,"parent":0,"menu_order":0,"comment_status":"closed","ping_status":"closed","template":"templates\/homepage.php","meta":{"_acf_changed":false,"om_disable_all_campaigns":false,"inline_featured_image":false,"footnotes":""},"class_list":["post-999","page","type-page","status-publish","hentry","page-entry"],"acf":[],"aioseo_notices":[],"_links":{"self":[{"href":"https:\/\/mail.centrocongressosalgarve.com\/pt-pt\/wp-json\/wp\/v2\/pages\/999","targetHints":{"allow":["GET"]}}],"collection":[{"href":"https:\/\/mail.centrocongressosalgarve.com\/pt-pt\/wp-json\/wp\/v2\/pages"}],"about":[{"href":"https:\/\/mail.centrocongressosalgarve.com\/pt-pt\/wp-json\/wp\/v2\/types\/page"}],"author":[{"embeddable":true,"href":"https:\/\/mail.centrocongressosalgarve.com\/pt-pt\/wp-json\/wp\/v2\/users\/2"}],"replies":[{"embeddable":true,"href":"https:\/\/mail.centrocongressosalgarve.com\/pt-pt\/wp-json\/wp\/v2\/comments?post=999"}],"version-history":[{"count":5,"href":"https:\/\/mail.centrocongressosalgarve.com\/pt-pt\/wp-json\/wp\/v2\/pages\/999\/revisions"}],"predecessor-version":[{"id":4585,"href":"https:\/\/mail.centrocongressosalgarve.com\/pt-pt\/wp-json\/wp\/v2\/pages\/999\/revisions\/4585"}],"wp:attachment":[{"href":"https:\/\/mail.centrocongressosalgarve.com\/pt-pt\/wp-json\/wp\/v2\/media?parent=999"}],"curies":[{"name":"wp","href":"https:\/\/api.w.org\/{rel}","templated":true}]}}