{"id":3257,"date":"2022-05-20T18:31:35","date_gmt":"2022-05-20T18:31:35","guid":{"rendered":"https:\/\/centrocongressosalgarve.com\/accommodation\/"},"modified":"2025-07-08T14:27:37","modified_gmt":"2025-07-08T14:27:37","slug":"accommodation","status":"publish","type":"page","link":"https:\/\/mail.centrocongressosalgarve.com\/de\/accommodation\/","title":{"rendered":"Unterkunft"},"content":{"rendered":"\n<p>Vervollst\u00e4ndigen Sie Ihre Veranstaltung mit einem unvergesslichen Aufenthalt und profitieren Sie von einer gro\u00dfen Auswahl an Unterk\u00fcnften in Vilamoura mit \u00fcber 3000 Zimmern in 4- und 5-Sterne-Unterk\u00fcnften.<\/p>\n\n\n\n<p>Wenn Sie n\u00e4her am Yachthafen von Vilamoura und am Strand sein m\u00f6chten, entdecken Sie das Tivoli Marina Vilamoura mit 383 gehobenen Zimmern, das bei den Portugal Travel Awards von Publituris als \u201eBestes MICE-Hotel 2025\u201c ausgezeichnet wurde.<\/p>\n\n\n\n<div class=\"wp-block-columns is-layout-flex wp-container-core-columns-is-layout-9d6595d7 wp-block-columns-is-layout-flex\">\n<div class=\"wp-block-column is-layout-flow wp-block-column-is-layout-flow\">\n<figure class=\"wp-block-image size-medium is-resized\"><img loading=\"lazy\" decoding=\"async\" width=\"300\" height=\"136\" src=\"https:\/\/www.centrocongressosalgarve.com\/files\/uploads\/2025\/07\/best-mice-hotel-2025-300x136.png\" alt=\"\" class=\"wp-image-4609\" style=\"width:235px;height:auto\" srcset=\"https:\/\/mail.centrocongressosalgarve.com\/files\/uploads\/2025\/07\/best-mice-hotel-2025-300x136.png 300w, https:\/\/mail.centrocongressosalgarve.com\/files\/uploads\/2025\/07\/best-mice-hotel-2025-1024x464.png 1024w, https:\/\/mail.centrocongressosalgarve.com\/files\/uploads\/2025\/07\/best-mice-hotel-2025-768x348.png 768w, https:\/\/mail.centrocongressosalgarve.com\/files\/uploads\/2025\/07\/best-mice-hotel-2025-1536x696.png 1536w, https:\/\/mail.centrocongressosalgarve.com\/files\/uploads\/2025\/07\/best-mice-hotel-2025-2048x929.png 2048w\" sizes=\"auto, (max-width: 300px) 100vw, 300px\" \/><\/figure>\n<\/div>\n\n\n\n<div class=\"wp-block-column is-layout-flow wp-block-column-is-layout-flow\"><\/div>\n<\/div>\n\n\n\n<div style=\"height:80px\" aria-hidden=\"true\" class=\"wp-block-spacer\"><\/div>\n","protected":false},"excerpt":{"rendered":"<p>Vervollst\u00e4ndigen Sie Ihre Veranstaltung mit einem unvergesslichen Aufenthalt und profitieren Sie von einer gro\u00dfen Auswahl an Unterk\u00fcnften in Vilamoura mit \u00fcber 3000 Zimmern in 4- und 5-Sterne-Unterk\u00fcnften. Wenn Sie n\u00e4her am Yachthafen von Vilamoura und am Strand sein m\u00f6chten, entdecken Sie das Tivoli Marina Vilamoura mit 383 gehobenen Zimmern, das bei den Portugal Travel Awards [&hellip;]<\/p>\n","protected":false},"author":1,"featured_media":0,"parent":0,"menu_order":0,"comment_status":"closed","ping_status":"closed","template":"templates\/accommodation.php","meta":{"_acf_changed":false,"om_disable_all_campaigns":false,"inline_featured_image":false,"footnotes":""},"class_list":["post-3257","page","type-page","status-publish","hentry","page-entry"],"acf":[],"aioseo_notices":[],"_links":{"self":[{"href":"https:\/\/mail.centrocongressosalgarve.com\/de\/wp-json\/wp\/v2\/pages\/3257","targetHints":{"allow":["GET"]}}],"collection":[{"href":"https:\/\/mail.centrocongressosalgarve.com\/de\/wp-json\/wp\/v2\/pages"}],"about":[{"href":"https:\/\/mail.centrocongressosalgarve.com\/de\/wp-json\/wp\/v2\/types\/page"}],"author":[{"embeddable":true,"href":"https:\/\/mail.centrocongressosalgarve.com\/de\/wp-json\/wp\/v2\/users\/1"}],"replies":[{"embeddable":true,"href":"https:\/\/mail.centrocongressosalgarve.com\/de\/wp-json\/wp\/v2\/comments?post=3257"}],"version-history":[{"count":3,"href":"https:\/\/mail.centrocongressosalgarve.com\/de\/wp-json\/wp\/v2\/pages\/3257\/revisions"}],"predecessor-version":[{"id":4618,"href":"https:\/\/mail.centrocongressosalgarve.com\/de\/wp-json\/wp\/v2\/pages\/3257\/revisions\/4618"}],"wp:attachment":[{"href":"https:\/\/mail.centrocongressosalgarve.com\/de\/wp-json\/wp\/v2\/media?parent=3257"}],"curies":[{"name":"wp","href":"https:\/\/api.w.org\/{rel}","templated":true}]}}